{"id":3,"date":"2024-07-25T14:43:41","date_gmt":"2024-07-25T14:43:41","guid":{"rendered":"https:\/\/principal.immune.institute\/?page_id=3"},"modified":"2025-12-17T15:50:02","modified_gmt":"2025-12-17T14:50:02","slug":"politica-de-privacidad","status":"publish","type":"page","link":"https:\/\/immune.institute\/en\/politica-de-privacidad\/","title":{"rendered":"Privacy Policy"},"content":{"rendered":"<section class=\"wp-block-group alignfull is-style-section is-layout-constrained wp-block-group-is-layout-constrained is-style-section--1\">\n<div class=\"wp-block-group alignwide is-style-section-inner is-vertical is-layout-flex wp-container-core-group-is-layout-e627be86 wp-block-group-is-layout-flex is-style-section-inner--2\"><h1 class=\"wp-block-post-title\">Privacy Policy<\/h1>\n\n\n<p class=\"wp-block-paragraph\">By providing your data in this form you give your express, unequivocal and informed consent to the company IMMUNE CODING INSTITUTE S.L. (hereinafter IMMUNE) with C.I.F. number B-87979407, which will be processed as stated in its Register of Activities, in order to send our newsletter, academic offers and information of interest of our sponsors and other activities that we develop, via email and \/ or telephone. The data will only be used for the purposes described above, and the maximum confidentiality of the information provided will be kept.<\/p>\n\n\n\n<p class=\"wp-block-paragraph\">They will be transferred to IMMUNE's sponsoring companies for the purpose of sending their own job offers, newsletters or others, by e-mail and\/or telephone; or in those cases authorised by law, and will not be transferred internationally. You may exercise your rights of access, rectification, deletion or limitation of your personal data at any time and free of charge, as well as your right to oppose the processing of your personal data by sending an e-mail to:&nbsp;<a href=\"mailto:central@immune.institute\" target=\"_blank\" rel=\"noreferrer noopener\">central@immune.institute<\/a>.<\/p>\n\n\n\n<p class=\"wp-block-paragraph\">Likewise, we remind you that, if you are not satisfied with the way we use your information or with our response to your exercise of any of the aforementioned rights, you may file a complaint with the Spanish Personal Data Protection Agency (Agencia Espa\u00f1ola de Protecci\u00f3n de Datos de Car\u00e1cter Personal).<\/p>\n<\/div>\n<\/section>","protected":false},"excerpt":{"rendered":"<p>Al facilitar tus datos en este formulario otorgas tu consentimiento expreso, inequ\u00edvoco e informado a la sociedad mercantil IMMUNE CODING INSTITUTE S.L. (en adelante IMMUNE) con C.I.F. n\u00famero B-87979407, los cuales ser\u00e1n objeto de tratamiento que consta en su Registro de Actividades, con la finalidad del env\u00edo de nuestra newsletter, ofertas acad\u00e9micas as\u00ed como informaci\u00f3n [&hellip;]<\/p>\n","protected":false},"author":1,"featured_media":0,"parent":0,"menu_order":0,"comment_status":"closed","ping_status":"open","template":"","meta":{"_acf_changed":false,"_crdt_document":"","footnotes":""},"class_list":["post-3","page","type-page","status-publish","hentry"],"acf":[],"_links":{"self":[{"href":"https:\/\/immune.institute\/en\/wp-json\/wp\/v2\/pages\/3","targetHints":{"allow":["GET"]}}],"collection":[{"href":"https:\/\/immune.institute\/en\/wp-json\/wp\/v2\/pages"}],"about":[{"href":"https:\/\/immune.institute\/en\/wp-json\/wp\/v2\/types\/page"}],"author":[{"embeddable":true,"href":"https:\/\/immune.institute\/en\/wp-json\/wp\/v2\/users\/1"}],"replies":[{"embeddable":true,"href":"https:\/\/immune.institute\/en\/wp-json\/wp\/v2\/comments?post=3"}],"version-history":[{"count":0,"href":"https:\/\/immune.institute\/en\/wp-json\/wp\/v2\/pages\/3\/revisions"}],"wp:attachment":[{"href":"https:\/\/immune.institute\/en\/wp-json\/wp\/v2\/media?parent=3"}],"curies":[{"name":"wp","href":"https:\/\/api.w.org\/{rel}","templated":true}]}}