{"id":197,"date":"2024-08-07T12:21:41","date_gmt":"2024-08-07T10:21:41","guid":{"rendered":"https:\/\/principal.immune.institute\/?page_id=197"},"modified":"2025-12-30T11:25:35","modified_gmt":"2025-12-30T10:25:35","slug":"sostenibilidad","status":"publish","type":"page","link":"https:\/\/immune.institute\/en\/sostenibilidad\/","title":{"rendered":"Sustainability at IMMUNE"},"content":{"rendered":"<div class=\"wp-block-cover alignfull is-light is-style-default\"><img decoding=\"async\" width=\"1024\" height=\"379\" class=\"wp-block-cover__image-background wp-image-203 size-large\" alt=\"Sustainability\" src=\"https:\/\/immune.institute\/wp-content\/uploads\/2024\/08\/sostenibilidad-1024x379.webp\" data-object-fit=\"cover\" srcset=\"https:\/\/immune.institute\/wp-content\/uploads\/2024\/08\/sostenibilidad-1024x379.webp 1024w, https:\/\/immune.institute\/wp-content\/uploads\/2024\/08\/sostenibilidad-256x95.webp 256w, https:\/\/immune.institute\/wp-content\/uploads\/2024\/08\/sostenibilidad-512x189.webp 512w, https:\/\/immune.institute\/wp-content\/uploads\/2024\/08\/sostenibilidad-768x284.webp 768w, https:\/\/immune.institute\/wp-content\/uploads\/2024\/08\/sostenibilidad-18x7.webp 18w, https:\/\/immune.institute\/wp-content\/uploads\/2024\/08\/sostenibilidad.webp 1200w\" sizes=\"(max-width: 1024px) 100vw, 1024px\" \/><span aria-hidden=\"true\" class=\"wp-block-cover__background has-background-dim-0 has-background-dim\"><\/span><div class=\"wp-block-cover__inner-container is-layout-flow wp-block-cover-is-layout-flow\">\n<div class=\"wp-block-group alignwide is-style-default is-layout-constrained wp-block-group-is-layout-constrained\"><h1 class=\"has-text-align-center is-style-prose wp-block-post-title\">Sustainability at IMMUNE<\/h1>\n\n\n<p class=\"has-text-align-center is-style-prose wp-block-paragraph\">Our goal is to ensure that the environmental impact of the IMMUNE community is positive. We aim to incorporate environmental, social, and governance criteria into our decision-making.<\/p>\n<\/div>\n<\/div><\/div>\n\n\n\n<section class=\"wp-block-group alignfull is-style-section is-layout-constrained wp-block-group-is-layout-constrained is-style-section--1\">\n<div class=\"wp-block-group alignwide is-style-section-inner is-vertical is-layout-flex wp-container-core-group-is-layout-e627be86 wp-block-group-is-layout-flex is-style-section-inner--2\">\n<p class=\"wp-block-paragraph\">The Sustainable Development Goals (SDGs) are a set of global targets approved by 193 countries with the support of the UN. They represent a common agenda to address the major challenges facing humanity.<\/p>\n\n\n\n<h2 class=\"wp-block-heading\">What is IMMUNE's contribution?<\/h2>\n\n\n\n<p class=\"wp-block-paragraph\">IMMUNE contributes to the achievement of the 2030 Agenda through three key areas of action:<\/p>\n\n\n\n<ul class=\"wp-block-list\">\n<li>In our internal management as an organization.<\/li>\n\n\n\n<li>Through the training we provide both inside and outside the classroom, whether in person at our Madrid Campus or online.<\/li>\n\n\n\n<li>With programs focused on helping achieve the Sustainable Development Goals. Both our Young Immuners, students from extracurricular activities and the Summer Camp, as well as our Software Development Engineering program, work on solving real-world challenges.<\/li>\n<\/ul>\n\n\n\n<h2 class=\"wp-block-heading\">What areas do we focus on?<\/h2>\n\n\n\n<p class=\"wp-block-paragraph\">Our performance has a positive impact on the SDGs, and our main contribution focuses on the following goals:<\/p>\n\n\n\n<ul class=\"wp-block-list\">\n<li>Quality Education<\/li>\n\n\n\n<li>Gender Equality<\/li>\n\n\n\n<li>Affordable and Clean Energy<\/li>\n\n\n\n<li>Decent Work and Economic Growth<\/li>\n\n\n\n<li>Reduced Inequalities<\/li>\n\n\n\n<li>Sustainable Cities and Communities<\/li>\n\n\n\n<li>Climate Action<\/li>\n\n\n\n<li>Partnerships for the Goals<\/li>\n<\/ul>\n\n\n\n<div class=\"wp-block-group is-content-justification-left is-nowrap is-layout-flex wp-container-core-group-is-layout-ed40c0b2 wp-block-group-is-layout-flex\">\n<figure class=\"wp-block-image size-full\"><img decoding=\"async\" width=\"937\" height=\"706\" src=\"https:\/\/principal.immune.institute\/wp-content\/uploads\/2024\/08\/ods.webp\" alt=\"\" class=\"wp-image-200\" srcset=\"https:\/\/immune.institute\/wp-content\/uploads\/2024\/08\/ods.webp 937w, https:\/\/immune.institute\/wp-content\/uploads\/2024\/08\/ods-256x193.webp 256w, https:\/\/immune.institute\/wp-content\/uploads\/2024\/08\/ods-512x386.webp 512w, https:\/\/immune.institute\/wp-content\/uploads\/2024\/08\/ods-768x579.webp 768w, https:\/\/immune.institute\/wp-content\/uploads\/2024\/08\/ods-16x12.webp 16w\" sizes=\"(max-width: 937px) 100vw, 937px\" \/><\/figure>\n\n\n\n<figure class=\"wp-block-image size-full\"><img decoding=\"async\" width=\"741\" height=\"740\" src=\"https:\/\/principal.immune.institute\/wp-content\/uploads\/2024\/08\/ods-circle.webp\" alt=\"\" class=\"wp-image-201\" srcset=\"https:\/\/immune.institute\/wp-content\/uploads\/2024\/08\/ods-circle.webp 741w, https:\/\/immune.institute\/wp-content\/uploads\/2024\/08\/ods-circle-256x256.webp 256w, https:\/\/immune.institute\/wp-content\/uploads\/2024\/08\/ods-circle-512x512.webp 512w, https:\/\/immune.institute\/wp-content\/uploads\/2024\/08\/ods-circle-12x12.webp 12w\" sizes=\"(max-width: 741px) 100vw, 741px\" \/><\/figure>\n<\/div>\n<\/div>\n<\/section>","protected":false},"excerpt":{"rendered":"<p>Los Objetivos de Desarrollo Sostenible son un conjunto de metas globales aprobadas por 193 pa\u00edses bajo el apoyo de la ONU. Constituyen una agenda com\u00fan para abordar los grandes desaf\u00edos que afectan a la humanidad. \u00bfCu\u00e1l es la contribuci\u00f3n de&nbsp;IMMUNE? IMMUNE contribuye al logro de la Agenda 2030 desde tres \u00e1reas de acci\u00f3n: \u00bfEn qu\u00e9 [&hellip;]<\/p>\n","protected":false},"author":1,"featured_media":203,"parent":0,"menu_order":0,"comment_status":"closed","ping_status":"closed","template":"","meta":{"_acf_changed":false,"_crdt_document":"","footnotes":""},"class_list":["post-197","page","type-page","status-publish","has-post-thumbnail","hentry"],"acf":[],"_links":{"self":[{"href":"https:\/\/immune.institute\/en\/wp-json\/wp\/v2\/pages\/197","targetHints":{"allow":["GET"]}}],"collection":[{"href":"https:\/\/immune.institute\/en\/wp-json\/wp\/v2\/pages"}],"about":[{"href":"https:\/\/immune.institute\/en\/wp-json\/wp\/v2\/types\/page"}],"author":[{"embeddable":true,"href":"https:\/\/immune.institute\/en\/wp-json\/wp\/v2\/users\/1"}],"replies":[{"embeddable":true,"href":"https:\/\/immune.institute\/en\/wp-json\/wp\/v2\/comments?post=197"}],"version-history":[{"count":0,"href":"https:\/\/immune.institute\/en\/wp-json\/wp\/v2\/pages\/197\/revisions"}],"wp:featuredmedia":[{"embeddable":true,"href":"https:\/\/immune.institute\/en\/wp-json\/wp\/v2\/media\/203"}],"wp:attachment":[{"href":"https:\/\/immune.institute\/en\/wp-json\/wp\/v2\/media?parent=197"}],"curies":[{"name":"wp","href":"https:\/\/api.w.org\/{rel}","templated":true}]}}