{"id":17711,"date":"2025-03-10T09:46:30","date_gmt":"2025-03-10T08:46:30","guid":{"rendered":"https:\/\/immune.institute\/?page_id=17711"},"modified":"2026-01-26T16:00:18","modified_gmt":"2026-01-26T15:00:18","slug":"referidos","status":"publish","type":"page","link":"https:\/\/immune.institute\/en\/referidos\/","title":{"rendered":"Brand ambassadors"},"content":{"rendered":"\n<section class=\"wp-block-cover alignfull is-style-section-dark is-style-section is-style-section--1\" style=\"border-top-color:var(--wp--preset--color--border-dark);padding-top:0;padding-bottom:0\"><img decoding=\"async\" width=\"1024\" height=\"684\" class=\"wp-block-cover__image-background wp-image-218 size-large\" alt=\"\" src=\"https:\/\/immune.institute\/wp-content\/uploads\/2024\/08\/2024.06.20-Immune-Institute607_websize-1024x684.webp\" data-object-fit=\"cover\" srcset=\"https:\/\/immune.institute\/wp-content\/uploads\/2024\/08\/2024.06.20-Immune-Institute607_websize-1024x684.webp 1024w, https:\/\/immune.institute\/wp-content\/uploads\/2024\/08\/2024.06.20-Immune-Institute607_websize-256x171.webp 256w, https:\/\/immune.institute\/wp-content\/uploads\/2024\/08\/2024.06.20-Immune-Institute607_websize-512x342.webp 512w, https:\/\/immune.institute\/wp-content\/uploads\/2024\/08\/2024.06.20-Immune-Institute607_websize-768x513.webp 768w, https:\/\/immune.institute\/wp-content\/uploads\/2024\/08\/2024.06.20-Immune-Institute607_websize-1536x1025.webp 1536w, https:\/\/immune.institute\/wp-content\/uploads\/2024\/08\/2024.06.20-Immune-Institute607_websize-18x12.webp 18w, https:\/\/immune.institute\/wp-content\/uploads\/2024\/08\/2024.06.20-Immune-Institute607_websize.webp 1600w\" sizes=\"(max-width: 1024px) 100vw, 1024px\" \/><span aria-hidden=\"true\" class=\"wp-block-cover__background has-background-dim-100 has-background-dim wp-block-cover__gradient-background has-background-gradient has-dark-gradient-background\"><\/span><div class=\"wp-block-cover__inner-container is-layout-constrained wp-block-cover-is-layout-constrained\">\n<div class=\"wp-block-columns alignwide is-style-section-inner is-layout-flex wp-container-core-columns-is-layout-62313de3 wp-block-columns-is-layout-flex is-style-section-inner--2\" style=\"border-style:none;border-width:0px\">\n<div class=\"wp-block-column is-vertically-aligned-center is-layout-flow wp-block-column-is-layout-flow\"><h1 class=\"wp-block-post-title\">Embajadores de marca<\/h1>\n\n\n<p class=\"is-style-default wp-block-paragraph\">\u00bfEres un apasionado de la tecnolog\u00eda y te encanta compartir tu experiencia con los dem\u00e1s? En IMMUNE Technology buscamos estudiantes y profesionales con visi\u00f3n innovadora que quieran ser parte de nuestra comunidad como embajadores de marca.<\/p>\n\n\n\n<p class=\"is-style-default wp-block-paragraph\">Si te apasiona la tecnolog\u00eda y el aprendizaje continuo, esta es tu oportunidad de dejar tu huella, inspirar a otros y crecer junto a IMMUNE.<\/p>\n<\/div>\n\n\n\n<div class=\"wp-block-column is-vertically-aligned-center is-style-card-light is-layout-flow wp-container-core-column-is-layout-1e5ecc1c wp-block-column-is-layout-flow is-style-card-light--3\" id=\"solicitar-informacion\"><script>(function(){const UTM_KEYS=[\"utm_source\",\"utm_medium\",\"utm_campaign\",\"utm_term\",\"utm_content\"],SS_KEY=\"utm_params_session\",REGION=\"na1\",PORTALID=\"6604339\",FORMID=\"8915130c-25f9-4290-b4b8-e062ab0b793f\";function readUtmFromURL(){const o={},t=new URLSearchParams(window.location.search);return t.forEach((t,r)=>{r.toLowerCase().startsWith(\"utm_\")&&(o[r]=t)}),o}function readSS(){try{return JSON.parse(sessionStorage.getItem(SS_KEY)||\"{}\")}catch{return{}}}function saveSS(o){try{sessionStorage.setItem(SS_KEY,JSON.stringify(o))}catch{}}function getEffectiveUtm(){const o=readUtmFromURL(),t=readSS(),r={...t,...o};Object.keys(o).length&&saveSS(r);const e={};return UTM_KEYS.forEach(o=>{r[o]&&(e[o]=String(r[o]))}),e}function toFormElement(o){if(o&&\"function\"==typeof o.querySelector)return o;if(o&&\"function\"==typeof o.get){const t=o.get(0);if(t?.querySelector)return t}return Array.isArray(o)&&o[0]?.querySelector?o[0]:o?.element?.querySelector?o.element:o?.el?.querySelector?o.el:document.querySelector(\"form.hs-form[data-form-id]\")||document.querySelector(\"form.hs-form\")||document.querySelector(\"form\")}function fillExistingUtmFields(o,t){o&&UTM_KEYS.forEach(r=>{const e=t[r];if(e){const t=o.querySelector(`[name=\"${r}\"]`);t&&t.value!==String(e)&&(t.value=e,t.dispatchEvent(new Event(\"input\",{bubbles:true})),t.dispatchEvent(new Event(\"change\",{bubbles:true})))}})}function ensureHubspotReady(o){if(window.hbspt?.forms?.create)return o();const t=setInterval(()=>{window.hbspt?.forms?.create&&(clearInterval(t),o())},50);setTimeout(()=>clearInterval(t),1e4)}function initForm(){hbspt.forms.create({region:REGION,portalId:PORTALID,formId:FORMID,onFormReady(o){const form=toFormElement(o);fillExistingUtmFields(form,getEffectiveUtm());if(form){const cartaInput=form.querySelector('[name=\"carta_de_motivacion\"]');const submitBtn=form.querySelector('input[type=\"submit\"]');if(cartaInput&&submitBtn){const checkLength=()=>{const textLength=cartaInput.value.trim().length;const fieldContainer=cartaInput.closest(\".hs-form-field\");if(textLength<10){submitBtn.disabled=true;submitBtn.style.cursor=\"not-allowed\";if(textLength>0&&fieldContainer){cartaInput.classList.add(\"invalid\",\"error\");let errorUl=fieldContainer.querySelector(\".hs-error-msgs\");if(!errorUl){errorUl=document.createElement(\"ul\");errorUl.className=\"no-list hs-error-msgs inputs-list custom-created\";errorUl.setAttribute(\"role\",\"alert\");const inputDiv=fieldContainer.querySelector(\".input\");if(inputDiv){inputDiv.parentNode.insertBefore(errorUl,inputDiv.nextSibling)}else{fieldContainer.appendChild(errorUl)}}let lengthErrorLi=errorUl.querySelector(\".custom-length-error\");if(!lengthErrorLi){lengthErrorLi=document.createElement(\"li\");lengthErrorLi.className=\"custom-length-error\";lengthErrorLi.innerHTML='<label class=\"hs-error-msg hs-main-font-element\">Debes escribir al menos 10 caracteres.<\/label>';errorUl.appendChild(lengthErrorLi)}}else{const lengthErrorLi=fieldContainer.querySelector(\".custom-length-error\");if(lengthErrorLi)lengthErrorLi.remove()}}else{submitBtn.disabled=false;submitBtn.style.cursor=\"pointer\";cartaInput.classList.remove(\"invalid\",\"error\");const lengthErrorLi=fieldContainer?.querySelector(\".custom-length-error\");if(lengthErrorLi)lengthErrorLi.remove();const errorUl=fieldContainer?.querySelector(\".hs-error-msgs.custom-created\");if(errorUl&&errorUl.children.length===0){errorUl.remove()}}};checkLength();cartaInput.addEventListener(\"input\",checkLength)}}},onFormSubmit(o){fillExistingUtmFields(toFormElement(o),getEffectiveUtm());try{sessionStorage.removeItem(SS_KEY)}catch{}}})}ensureHubspotReady(initForm)})();<\/script>\n<\/div>\n<\/div>\n<\/div><\/section>\n\n\n\n<section class=\"wp-block-group alignfull is-style-section is-layout-constrained wp-block-group-is-layout-constrained is-style-section--4\">\n<div class=\"wp-block-columns alignwide is-layout-flex wp-container-core-columns-is-layout-b2e75d53 wp-block-columns-is-layout-flex\">\n<div class=\"wp-block-column is-style-section-inner is-layout-flow wp-block-column-is-layout-flow is-style-section-inner--5\">\n<h2 class=\"wp-block-heading\">\u00bfC\u00f3mo funciona?<\/h2>\n\n\n\n<ul class=\"wp-block-list\">\n<li>Recomienda IMMUNE a tus amigos y familiares, ay\u00fadales a impulsar su carrera profesional y gana por ello:<\/li>\n\n\n\n<li>Tus recomendados obtendr\u00e1n un 5% de descuento directo en su formaci\u00f3n.<\/li>\n\n\n\n<li>T\u00fa podr\u00e1s recibir una tarjeta Amazon de hasta 300\u20ac cuando completen su matr\u00edcula.<\/li>\n<\/ul>\n\n\n\n<h2 class=\"wp-block-heading\">Tarjetas de amazon por programa:<\/h2>\n\n\n\n<ul class=\"wp-block-list\">\n<li>300\u20ac por la Ingenier\u00eda de Desarrollo de Software<\/li>\n\n\n\n<li>200\u20ac por M\u00e1sters Avanzados y Bootcamps<\/li>\n\n\n\n<li>150\u20ac por M\u00e1sters Online<\/li>\n<\/ul>\n<\/div>\n\n\n\n<div class=\"wp-block-column is-style-section-inner is-layout-flow wp-block-column-is-layout-flow is-style-section-inner--6\">\n<h2 class=\"wp-block-heading\">Ventajas de ser embajador:<\/h2>\n\n\n\n<ul class=\"wp-block-list\">\n<li>Representar a IMMUNE dentro y fuera del campus.<\/li>\n\n\n\n<li>Acceder a oportunidades exclusivas en el ecosistema tecnol\u00f3gico.<\/li>\n\n\n\n<li>Financiar tus proyectos personales con las recompensas obtenidas.<\/li>\n\n\n\n<li>Conectar con una comunidad de talento apasionada por la innovaci\u00f3n.<\/li>\n\n\n\n<li>Nuestros learning paths te gu\u00edan&nbsp;desde el nivel b\u00e1sico hasta convertirte en experto en tu \u00e1rea de inter\u00e9s. Son itinerarios estructurados y flexibles, ajustados a tu ritmo, para que alcances tu m\u00e1ximo potencial personal y profesional.<\/li>\n<\/ul>\n<\/div>\n<\/div>\n<\/section>\n\n\n\n<section class=\"wp-block-cover alignfull has-parallax is-style-section-dark is-style-section has-background-color has-text-color has-link-color wp-elements-9ad2ca100a8dd157441a159274253ef3 is-style-section--7\" style=\"border-top-color:var(--wp--preset--color--border-dark);padding-top:0;padding-bottom:0;min-height:456px;aspect-ratio:unset;\"><div role=\"img\" aria-label=\"Entrada del campus\" class=\"wp-block-cover__image-background wp-image-24 size-large has-parallax\" style=\"background-position:50% 50%;background-image:url(https:\/\/immune.institute\/wp-content\/uploads\/2024\/07\/campus-immune-1024x768.webp)\"><\/div><span aria-hidden=\"true\" class=\"wp-block-cover__background has-overlay-dark-background-color has-background-dim-100 has-background-dim\"><\/span><div class=\"wp-block-cover__inner-container is-layout-constrained wp-block-cover-is-layout-constrained\">\n<div class=\"wp-block-group alignwide is-style-section-inner is-layout-grid wp-container-core-group-is-layout-c3d591a8 wp-block-group-is-layout-grid is-style-section-inner--8\" style=\"border-right-color:var(--wp--preset--color--border-dark);border-left-color:var(--wp--preset--color--border-dark)\">\n<div class=\"wp-block-group is-layout-constrained wp-block-group-is-layout-constrained\">\n<p class=\"has-large-font-size wp-block-paragraph\" style=\"font-style:normal;font-weight:600;line-height:1.2\">Visita nuestro Campus en Madrid y conoce todo sobre nuestros programas<\/p>\n\n\n\n<ul class=\"wp-block-list\">\n<li>Orientaci\u00f3n personalizada de lunes a viernes.<\/li>\n\n\n\n<li>Convocatoria abierta para marzo, septiembre y octubre.<\/li>\n<\/ul>\n\n\n\n<p class=\"wp-block-paragraph\">Dise\u00f1ado para replicar un ecosistema de startups y empresas tecnol\u00f3gicas, hemos creado un oasis de Silicon Valley en el coraz\u00f3n de Madrid.<\/p>\n\n\n\n<div class=\"wp-block-buttons is-layout-flex wp-block-buttons-is-layout-flex\">\n<div class=\"wp-block-button\"><a class=\"wp-block-button__link has-body-color has-link-dark-background-color has-text-color has-background has-link-color wp-element-button\" href=\"https:\/\/immune.institute\/campus-immune\/\" style=\"font-style:normal;font-weight:500\">Descubre m\u00e1s<\/a><\/div>\n<\/div>\n<\/div>\n\n\n\n<video width=\"1280\" height=\"720\" style=\"aspect-ratio: 1280 \/ 720; width: 100%; height: auto; margin: auto 0;\" controls=\"\" controlslist=\"nodownload nofullscreen noremoteplayback noplaybackrate\" disablepictureinpicture=\"\" oncontextmenu=\"return false;\" poster=\"https:\/\/immune.institute\/wp-content\/uploads\/Descubre-Nuestro-Campus-con-Beatriz-Ruiz-Campus-Manager-jpg.webp\" src=\"https:\/\/immune.institute\/wp-content\/uploads\/Descubre-Nuestro-Campus-con-Beatriz-Ruiz-Campus-Manager.mp4\"><\/video>\n<\/div>\n<\/div><\/section>\n","protected":false},"excerpt":{"rendered":"<p>\u00bfC\u00f3mo funciona? Tarjetas de amazon por programa: Ventajas de ser embajador:<\/p>","protected":false},"author":1,"featured_media":18008,"parent":0,"menu_order":0,"comment_status":"closed","ping_status":"closed","template":"","meta":{"_acf_changed":false,"_crdt_document":"","footnotes":""},"class_list":["post-17711","page","type-page","status-publish","has-post-thumbnail","hentry"],"acf":[],"_links":{"self":[{"href":"https:\/\/immune.institute\/en\/wp-json\/wp\/v2\/pages\/17711","targetHints":{"allow":["GET"]}}],"collection":[{"href":"https:\/\/immune.institute\/en\/wp-json\/wp\/v2\/pages"}],"about":[{"href":"https:\/\/immune.institute\/en\/wp-json\/wp\/v2\/types\/page"}],"author":[{"embeddable":true,"href":"https:\/\/immune.institute\/en\/wp-json\/wp\/v2\/users\/1"}],"replies":[{"embeddable":true,"href":"https:\/\/immune.institute\/en\/wp-json\/wp\/v2\/comments?post=17711"}],"version-history":[{"count":0,"href":"https:\/\/immune.institute\/en\/wp-json\/wp\/v2\/pages\/17711\/revisions"}],"wp:featuredmedia":[{"embeddable":true,"href":"https:\/\/immune.institute\/en\/wp-json\/wp\/v2\/media\/18008"}],"wp:attachment":[{"href":"https:\/\/immune.institute\/en\/wp-json\/wp\/v2\/media?parent=17711"}],"curies":[{"name":"wp","href":"https:\/\/api.w.org\/{rel}","templated":true}]}}